{"id":38,"date":"2017-02-08T17:19:56","date_gmt":"2017-02-08T16:19:56","guid":{"rendered":"http:\/\/socceravenue.fr\/?page_id=38"},"modified":"2020-08-20T23:56:40","modified_gmt":"2020-08-20T21:56:40","slug":"presentation","status":"publish","type":"page","link":"https:\/\/socceravenue.fr\/","title":{"rendered":""},"content":{"rendered":"<p style=\"text-align: center;\"><em><strong><span style=\"color: #000000;\"><span style=\"font-size: large;\">Sportifs, d\u00e9finissez vos objectifs avec notre \u00e9quipe afin d&rsquo;accro\u00eetre votre rayonnement et toucher une audience plus large. Gagnez en visibilit\u00e9 et notori\u00e9t\u00e9 et devenez un leader d&rsquo;opinion ou un g\u00e9n\u00e9rateur de tendances<\/span><\/span><\/strong><\/em><\/p>\n<p>[]<\/p>\n<p style=\"text-align: center;\"><em><strong><span style=\"color: #000000;\"><span style=\"font-size: large;\">Annonceurs d\u00e9sireux de trouver le sportif qui incarnera le mieux vos valeurs et sera votre nouvelle \u00e9g\u00e9rie, trouvez avec nous un interm\u00e9diaire qui vous accompagnera dans votre recherche et la mise en relation avec l&rsquo;\u00e9lu de votre choix<\/span><\/span><\/strong><\/em><\/p>\n","protected":false},"excerpt":{"rendered":"<p>Sportifs, d\u00e9finissez vos objectifs avec notre \u00e9quipe afin d&rsquo;accro\u00eetre votre rayonnement et toucher une audience plus large. Gagnez en visibilit\u00e9 et notori\u00e9t\u00e9 et devenez un leader d&rsquo;opinion ou un g\u00e9n\u00e9rateur de tendances [] Annonceurs d\u00e9sireux de trouver le sportif qui incarnera le mieux vos valeurs et sera votre nouvelle \u00e9g\u00e9rie, trouvez avec nous un interm\u00e9diaire [&hellip;]<\/p>\n","protected":false},"author":1,"featured_media":0,"parent":0,"menu_order":0,"comment_status":"closed","ping_status":"closed","template":"","meta":[],"_links":{"self":[{"href":"https:\/\/socceravenue.fr\/index.php?rest_route=\/wp\/v2\/pages\/38"}],"collection":[{"href":"https:\/\/socceravenue.fr\/index.php?rest_route=\/wp\/v2\/pages"}],"about":[{"href":"https:\/\/socceravenue.fr\/index.php?rest_route=\/wp\/v2\/types\/page"}],"author":[{"embeddable":true,"href":"https:\/\/socceravenue.fr\/index.php?rest_route=\/wp\/v2\/users\/1"}],"replies":[{"embeddable":true,"href":"https:\/\/socceravenue.fr\/index.php?rest_route=%2Fwp%2Fv2%2Fcomments&post=38"}],"version-history":[{"count":69,"href":"https:\/\/socceravenue.fr\/index.php?rest_route=\/wp\/v2\/pages\/38\/revisions"}],"predecessor-version":[{"id":734,"href":"https:\/\/socceravenue.fr\/index.php?rest_route=\/wp\/v2\/pages\/38\/revisions\/734"}],"wp:attachment":[{"href":"https:\/\/socceravenue.fr\/index.php?rest_route=%2Fwp%2Fv2%2Fmedia&parent=38"}],"curies":[{"name":"wp","href":"https:\/\/api.w.org\/{rel}","templated":true}]}}