{"id":36,"date":"2017-02-08T17:19:56","date_gmt":"2017-02-08T16:19:56","guid":{"rendered":"http:\/\/socceravenue.fr\/?page_id=36"},"modified":"2017-03-03T16:32:39","modified_gmt":"2017-03-03T15:32:39","slug":"nous-contacter","status":"publish","type":"page","link":"https:\/\/socceravenue.fr\/?page_id=36","title":{"rendered":"Services"},"content":{"rendered":"<h2 style=\"text-align: center;\"><strong><span style=\"color: #000000;\"><span style=\"font-family: Calibri, sans-serif;\"><span style=\"font-size: large;\"><b>Un service sur mesure \u00e0 l&rsquo;heure du marketing<\/b><\/span><\/span><\/span><\/strong><\/h2>\n<h2 style=\"text-align: left;\"><div id=\"envira-gallery-wrap-527\" class=\"envira-gallery-wrap envira-gallery-theme-base envira-lightbox-theme-base\" itemscope itemtype=\"https:\/\/schema.org\/ImageGallery\"><div data-row-height=\"\" data-gallery-theme=\"\" id=\"envira-gallery-527\" class=\"envira-gallery-public  envira-gallery-3-columns envira-clear enviratope envira-gallery-css-animations\" data-envira-columns=\"3\"><div id=\"envira-gallery-item-541\" class=\"envira-gallery-item enviratope-item envira-gallery-item-1\" style=\"padding-left: 5px; padding-bottom: 10px; padding-right: 5px;\"  itemscope itemtype=\"https:\/\/schema.org\/ImageObject\"><div class=\"envira-gallery-item-inner\"><div class=\"envira-gallery-position-overlay  envira-gallery-top-left\"><\/div><div class=\"envira-gallery-position-overlay  envira-gallery-top-right\"><\/div><div class=\"envira-gallery-position-overlay  envira-gallery-bottom-left\"><\/div><div class=\"envira-gallery-position-overlay  envira-gallery-bottom-right\"><\/div><a href=\"http:\/\/socceravenue.fr\/wp-content\/uploads\/2017\/02\/Solution.jpg\" class=\"envira-gallery-527 envira-gallery-link\" rel=\"enviragallery527\" title=\"Solution\" data-envira-caption=\"Solution\" data-envira-retina=\"\" data-thumbnail=\"\"  itemprop=\"contentUrl\"><div class=\"envira-lazy\" data-test-width=\"640\" data-test-height=\"480\" style=\"padding-bottom:75%;\"><img id=\"envira-gallery-image-541\" class=\"envira-gallery-image envira-gallery-image-1\" data-envira-index=\"1\" src=\"https:\/\/socceravenue.fr\/wp-content\/uploads\/2017\/02\/Solution-300x200.jpg\" data-envira-src=\"https:\/\/socceravenue.fr\/wp-content\/uploads\/2017\/02\/Solution-300x200.jpg\" data-envira-gallery-id=\"527\" data-envira-item-id=\"541\" data-envira-caption=\"Solution\" alt=\"\" title=\"Solution\"  itemprop=\"thumbnailUrl\" data-envira-srcset=\"https:\/\/socceravenue.fr\/wp-content\/uploads\/2017\/02\/Solution-300x200.jpg 400w,https:\/\/socceravenue.fr\/wp-content\/uploads\/2017\/02\/Solution-300x200.jpg 2x\" srcset=\"data:image\/gif;base64,R0lGODlhAQABAIAAAP\/\/\/\/\/\/\/yH5BAEKAAEALAAAAAABAAEAAAICTAEAOw==\" \/><\/div><\/a><\/div><\/div><div id=\"envira-gallery-item-528\" class=\"envira-gallery-item enviratope-item envira-gallery-item-2\" style=\"padding-left: 5px; padding-bottom: 10px; padding-right: 5px;\"  itemscope itemtype=\"https:\/\/schema.org\/ImageObject\"><div class=\"envira-gallery-item-inner\"><div class=\"envira-gallery-position-overlay  envira-gallery-top-left\"><\/div><div class=\"envira-gallery-position-overlay  envira-gallery-top-right\"><\/div><div class=\"envira-gallery-position-overlay  envira-gallery-bottom-left\"><\/div><div class=\"envira-gallery-position-overlay  envira-gallery-bottom-right\"><\/div><a href=\"http:\/\/socceravenue.fr\/wp-content\/uploads\/2017\/02\/Conseil-et-accompagnement.jpg\" class=\"envira-gallery-527 envira-gallery-link\" rel=\"enviragallery527\" title=\"Print\" data-envira-caption=\"Print\" data-envira-retina=\"\" data-thumbnail=\"\"  itemprop=\"contentUrl\"><div class=\"envira-lazy\" data-test-width=\"640\" data-test-height=\"480\" style=\"padding-bottom:75%;\"><img id=\"envira-gallery-image-528\" class=\"envira-gallery-image envira-gallery-image-2\" data-envira-index=\"2\" src=\"https:\/\/socceravenue.fr\/wp-content\/uploads\/2017\/02\/Conseil-et-accompagnement-300x282.jpg\" data-envira-src=\"https:\/\/socceravenue.fr\/wp-content\/uploads\/2017\/02\/Conseil-et-accompagnement-300x282.jpg\" data-envira-gallery-id=\"527\" data-envira-item-id=\"528\" data-envira-caption=\"Print\" alt=\"\" title=\"Print\"  itemprop=\"thumbnailUrl\" data-envira-srcset=\"https:\/\/socceravenue.fr\/wp-content\/uploads\/2017\/02\/Conseil-et-accompagnement-300x282.jpg 400w,https:\/\/socceravenue.fr\/wp-content\/uploads\/2017\/02\/Conseil-et-accompagnement-300x282.jpg 2x\" srcset=\"data:image\/gif;base64,R0lGODlhAQABAIAAAP\/\/\/\/\/\/\/yH5BAEKAAEALAAAAAABAAEAAAICTAEAOw==\" \/><\/div><\/a><\/div><\/div><div id=\"envira-gallery-item-529\" class=\"envira-gallery-item enviratope-item envira-gallery-item-3\" style=\"padding-left: 5px; padding-bottom: 10px; padding-right: 5px;\"  itemscope itemtype=\"https:\/\/schema.org\/ImageObject\"><div class=\"envira-gallery-item-inner\"><div class=\"envira-gallery-position-overlay  envira-gallery-top-left\"><\/div><div class=\"envira-gallery-position-overlay  envira-gallery-top-right\"><\/div><div class=\"envira-gallery-position-overlay  envira-gallery-bottom-left\"><\/div><div class=\"envira-gallery-position-overlay  envira-gallery-bottom-right\"><\/div><a href=\"http:\/\/socceravenue.fr\/wp-content\/uploads\/2017\/02\/Social-Marketing.jpg\" class=\"envira-gallery-527 envira-gallery-link\" rel=\"enviragallery527\" title=\"Social Marketing\" data-envira-caption=\"Social Marketing\" data-envira-retina=\"\" data-thumbnail=\"\"  itemprop=\"contentUrl\"><div class=\"envira-lazy\" data-test-width=\"640\" data-test-height=\"480\" style=\"padding-bottom:75%;\"><img id=\"envira-gallery-image-529\" class=\"envira-gallery-image envira-gallery-image-3\" data-envira-index=\"3\" src=\"https:\/\/socceravenue.fr\/wp-content\/uploads\/2017\/02\/Social-Marketing-300x250.jpg\" data-envira-src=\"https:\/\/socceravenue.fr\/wp-content\/uploads\/2017\/02\/Social-Marketing-300x250.jpg\" data-envira-gallery-id=\"527\" data-envira-item-id=\"529\" data-envira-caption=\"Social Marketing\" alt=\"\" title=\"Social Marketing\"  itemprop=\"thumbnailUrl\" data-envira-srcset=\"https:\/\/socceravenue.fr\/wp-content\/uploads\/2017\/02\/Social-Marketing-300x250.jpg 400w,https:\/\/socceravenue.fr\/wp-content\/uploads\/2017\/02\/Social-Marketing-300x250.jpg 2x\" srcset=\"data:image\/gif;base64,R0lGODlhAQABAIAAAP\/\/\/\/\/\/\/yH5BAEKAAEALAAAAAABAAEAAAICTAEAOw==\" \/><\/div><\/a><\/div><\/div><\/div><\/div><noscript><img src=\"https:\/\/socceravenue.fr\/wp-content\/uploads\/2017\/02\/Solution.jpg\" alt=\"\" \/><img src=\"https:\/\/socceravenue.fr\/wp-content\/uploads\/2017\/02\/Conseil-et-accompagnement.jpg\" alt=\"\" \/><img src=\"https:\/\/socceravenue.fr\/wp-content\/uploads\/2017\/02\/Social-Marketing.jpg\" alt=\"\" \/><\/noscript><\/h2>\n<div class=\"csRow\">\n<div class=\"csColumnGap\" style=\"margin: 0px; padding: 0px; float: left; width: 1.56%;\"><img style=\"border: none;\" src=\"http:\/\/socceravenue.fr\/wp-content\/plugins\/advanced-wp-columns\/assets\/js\/plugins\/views\/img\/1x1-pixel.png\" \/><\/div>\n<div class=\"csColumn\" style=\"margin: 0px; padding: 0px; float: left; width: 45.5%;\" data-csstartpoint=\"15\" data-csendpoint=\"452\" data-cswidth=\"45.5%\" data-csid=\"11b8908e-2412-776a-8fa0-e92a3cde9c87\">\n<p><strong><span style=\"color: #000000;\"><span style=\"font-family: Calibri, sans-serif;\"><span style=\"font-size: large;\">Conseil et accompagnement<\/span><\/span><\/span><\/strong><\/p>\n<p><span style=\"font-family: Calibri, sans-serif; color: #000000;\"><span style=\"font-size: large;\">Media training<\/span><\/span><\/p>\n<p><span style=\"font-family: Calibri, sans-serif; color: #000000;\"><span style=\"font-size: large;\">Relation presse<\/span><\/span><\/p>\n<p><span style=\"font-family: Calibri, sans-serif; color: #000000;\"><span style=\"font-size: large;\">\u00catre force de propositions<\/span><\/span><\/p>\n<p><span style=\"font-family: Calibri, sans-serif; color: #000000;\"><span style=\"font-size: large;\">Mener \u00e0 bien les projets de nos clients<\/span><\/span><\/p>\n<\/div>\n<div class=\"csColumnGap\" style=\"margin: 0px; padding: 0px; float: left; width: 5.73%;\"><img style=\"border: none;\" src=\"http:\/\/socceravenue.fr\/wp-content\/plugins\/advanced-wp-columns\/assets\/js\/plugins\/views\/img\/1x1-pixel.png\" \/><\/div>\n<div class=\"csColumn\" style=\"margin: 0px; padding: 0px; float: left; width: 45.6%;\" data-csstartpoint=\"507\" data-csendpoint=\"945\" data-cswidth=\"45.6%\" data-csid=\"7018c5d2-be34-0c7a-88ef-e19ad0136a4a\">\n<p><strong><span style=\"color: #000000;\"><span style=\"font-family: Calibri, sans-serif;\"><span style=\"font-size: large;\">Social Marketing<\/span><\/span><\/span><\/strong><\/p>\n<p><span style=\"color: #000000;\"><span style=\"font-family: Calibri, sans-serif;\"><span style=\"font-size: large;\">Social management<\/span><\/span><\/span><\/p>\n<p><span style=\"color: #000000;\"><span style=\"font-family: Calibri, sans-serif;\"><span style=\"font-size: large;\">Community management<\/span><\/span><\/span><\/p>\n<p><span style=\"color: #000000;\"><span style=\"font-family: Calibri, sans-serif;\"><span style=\"font-size: large;\">Veille digitale<\/span><\/span><\/span><\/p>\n<p><span style=\"color: #000000;\"><span style=\"font-family: Calibri, sans-serif;\"><span style=\"font-size: large;\">Accroissement de la r\u00e9putation et e-r\u00e9putation<\/span><\/span><\/span><\/p>\n<\/div>\n<div class=\"csColumnGap\" style=\"margin: 0px; padding: 0px; float: left; width: 1.56%;\"><img style=\"border: none;\" src=\"http:\/\/socceravenue.fr\/wp-content\/plugins\/advanced-wp-columns\/assets\/js\/plugins\/views\/img\/1x1-pixel.png\" \/><\/div>\n<div style=\"clear: both; float: none; display: block; visibility: hidden; width: 0px; font-size: 0px; line-height: 0;\"><\/div>\n<\/div>\n<p style=\"text-align: center;\" align=\"JUSTIFY\"><br class=\"nc\" \/><br class=\"nc\" \/><strong><span style=\"color: #000000;\"><span style=\"font-family: Calibri, sans-serif;\"><span style=\"font-size: large;\"><b>La connexion entre le sport, les sportifs, les fans et les marques<\/b><\/span><\/span><\/span><\/strong><\/p>\n<p style=\"text-align: center;\" align=\"JUSTIFY\"><div id=\"envira-gallery-wrap-546\" class=\"envira-gallery-wrap envira-gallery-theme-base envira-lightbox-theme-base\" itemscope itemtype=\"https:\/\/schema.org\/ImageGallery\"><div data-row-height=\"\" data-gallery-theme=\"\" id=\"envira-gallery-546\" class=\"envira-gallery-public  envira-gallery-3-columns envira-clear enviratope envira-gallery-css-animations\" data-envira-columns=\"3\"><div id=\"envira-gallery-item-552\" class=\"envira-gallery-item enviratope-item envira-gallery-item-1\" style=\"padding-left: 5px; padding-bottom: 10px; padding-right: 5px;\"  itemscope itemtype=\"https:\/\/schema.org\/ImageObject\"><div class=\"envira-gallery-item-inner\"><div class=\"envira-gallery-position-overlay  envira-gallery-top-left\"><\/div><div class=\"envira-gallery-position-overlay  envira-gallery-top-right\"><\/div><div class=\"envira-gallery-position-overlay  envira-gallery-bottom-left\"><\/div><div class=\"envira-gallery-position-overlay  envira-gallery-bottom-right\"><\/div><a href=\"http:\/\/socceravenue.fr\/wp-content\/uploads\/2017\/02\/Boxe-3.jpg\" class=\"envira-gallery-546 envira-gallery-link\" rel=\"enviragallery546\" title=\"Boxe\" data-envira-caption=\"Boxe\" data-envira-retina=\"\" data-thumbnail=\"\"  itemprop=\"contentUrl\"><img id=\"envira-gallery-image-552\" class=\"envira-gallery-image envira-gallery-image-1\" data-envira-index=\"1\" src=\"https:\/\/socceravenue.fr\/wp-content\/uploads\/2017\/02\/Boxe-3-150x150.jpg\" data-envira-src=\"https:\/\/socceravenue.fr\/wp-content\/uploads\/2017\/02\/Boxe-3-150x150.jpg\" data-envira-gallery-id=\"546\" data-envira-item-id=\"552\" data-envira-caption=\"Boxe\" alt=\"\" title=\"Boxe\"  itemprop=\"thumbnailUrl\" data-envira-srcset=\"https:\/\/socceravenue.fr\/wp-content\/uploads\/2017\/02\/Boxe-3-150x150.jpg 400w,https:\/\/socceravenue.fr\/wp-content\/uploads\/2017\/02\/Boxe-3-150x150.jpg 2x\" srcset=\"https:\/\/socceravenue.fr\/wp-content\/uploads\/2017\/02\/Boxe-3-300x300.jpg 2x\" \/><\/a><\/div><\/div><div id=\"envira-gallery-item-749\" class=\"envira-gallery-item enviratope-item envira-gallery-item-2\" style=\"padding-left: 5px; padding-bottom: 10px; padding-right: 5px;\"  itemscope itemtype=\"https:\/\/schema.org\/ImageObject\"><div class=\"envira-gallery-item-inner\"><div class=\"envira-gallery-position-overlay  envira-gallery-top-left\"><\/div><div class=\"envira-gallery-position-overlay  envira-gallery-top-right\"><\/div><div class=\"envira-gallery-position-overlay  envira-gallery-bottom-left\"><\/div><div class=\"envira-gallery-position-overlay  envira-gallery-bottom-right\"><\/div><img id=\"envira-gallery-image-749\" class=\"envira-gallery-image envira-gallery-image-2\" data-envira-index=\"2\" src=\"https:\/\/socceravenue.fr\/wp-content\/uploads\/2020\/10\/Corner-150x150.jpg\" data-envira-src=\"https:\/\/socceravenue.fr\/wp-content\/uploads\/2020\/10\/Corner-150x150.jpg\" data-envira-gallery-id=\"546\" data-envira-item-id=\"749\" data-envira-caption=\"Corner\" alt=\"\" title=\"Corner\"  itemprop=\"thumbnailUrl\" data-envira-srcset=\"https:\/\/socceravenue.fr\/wp-content\/uploads\/2020\/10\/Corner-150x150.jpg 400w,https:\/\/socceravenue.fr\/wp-content\/uploads\/2020\/10\/Corner-150x150.jpg 2x\" srcset=\"https:\/\/socceravenue.fr\/wp-content\/uploads\/2020\/10\/Corner-300x300.jpg 2x\" \/><\/div><\/div><div id=\"envira-gallery-item-748\" class=\"envira-gallery-item enviratope-item envira-gallery-item-3\" style=\"padding-left: 5px; padding-bottom: 10px; padding-right: 5px;\"  itemscope itemtype=\"https:\/\/schema.org\/ImageObject\"><div class=\"envira-gallery-item-inner\"><div class=\"envira-gallery-position-overlay  envira-gallery-top-left\"><\/div><div class=\"envira-gallery-position-overlay  envira-gallery-top-right\"><\/div><div class=\"envira-gallery-position-overlay  envira-gallery-bottom-left\"><\/div><div class=\"envira-gallery-position-overlay  envira-gallery-bottom-right\"><\/div><img id=\"envira-gallery-image-748\" class=\"envira-gallery-image envira-gallery-image-3\" data-envira-index=\"3\" src=\"https:\/\/socceravenue.fr\/wp-content\/uploads\/2020\/10\/Abdoulaye-win-150x150.jpg\" data-envira-src=\"https:\/\/socceravenue.fr\/wp-content\/uploads\/2020\/10\/Abdoulaye-win-150x150.jpg\" data-envira-gallery-id=\"546\" data-envira-item-id=\"748\" data-envira-caption=\"Abdoulaye win\" alt=\"\" title=\"Abdoulaye win\"  itemprop=\"thumbnailUrl\" data-envira-srcset=\"https:\/\/socceravenue.fr\/wp-content\/uploads\/2020\/10\/Abdoulaye-win-150x150.jpg 400w,https:\/\/socceravenue.fr\/wp-content\/uploads\/2020\/10\/Abdoulaye-win-150x150.jpg 2x\" srcset=\"https:\/\/socceravenue.fr\/wp-content\/uploads\/2020\/10\/Abdoulaye-win-300x300.jpg 2x\" \/><\/div><\/div><\/div><\/div><noscript><img src=\"https:\/\/socceravenue.fr\/wp-content\/uploads\/2017\/02\/Boxe-3.jpg\" alt=\"\" \/><img src=\"https:\/\/socceravenue.fr\/wp-content\/uploads\/2020\/10\/Corner.jpg\" alt=\"\" \/><img src=\"https:\/\/socceravenue.fr\/wp-content\/uploads\/2020\/10\/Abdoulaye-win.jpg\" alt=\"\" \/><\/noscript><\/p>\n<div class=\"csRow\">\n<div class=\"csColumnGap\" style=\"margin: 0px; padding: 0px; float: left; width: 1.56%;\"><img style=\"border: none;\" src=\"http:\/\/socceravenue.fr\/wp-content\/plugins\/advanced-wp-columns\/assets\/js\/plugins\/views\/img\/1x1-pixel.png\" \/><\/div>\n<div class=\"csColumn\" style=\"margin: 0px; padding: 0px; float: left; width: 31.3%;\" data-csstartpoint=\"15\" data-csendpoint=\"315\" data-cswidth=\"31.3%\" data-csid=\"1b50e991-0778-da02-a08e-c610cba109d3\">\n<p><strong><span style=\"color: #000000;\"><span style=\"font-family: Calibri, sans-serif;\"><span style=\"font-size: large;\">Musclez votre image<\/span><\/span><\/span><\/strong><\/p>\n<p><span style=\"color: #000000;\"><span style=\"font-family: Calibri, sans-serif;\"><span style=\"font-size: large;\">Communication<\/span><\/span><\/span><\/p>\n<p><span style=\"color: #000000;\"><span style=\"font-family: Calibri, sans-serif;\"><span style=\"font-size: large;\">Strat\u00e9gie digitale<\/span><\/span><\/span><\/p>\n<\/div>\n<div class=\"csColumnGap\" style=\"margin: 0px; padding: 0px; float: left; width: 1.56%;\"><img style=\"border: none;\" src=\"http:\/\/socceravenue.fr\/wp-content\/plugins\/advanced-wp-columns\/assets\/js\/plugins\/views\/img\/1x1-pixel.png\" \/><\/div>\n<div class=\"csColumn\" style=\"margin: 0px; padding: 0px; float: left; width: 29.9%;\" data-csstartpoint=\"330\" data-csendpoint=\"617\" data-cswidth=\"29.9%\" data-csid=\"a42e8d80-a846-e952-8817-fb32d661af1b\">\n<p><strong><span style=\"color: #000000;\"><span style=\"font-family: Calibri, sans-serif;\"><span style=\"font-size: large;\">Soyez leader dans votre domaine<\/span><\/span><\/span><\/strong><\/p>\n<p><span style=\"color: #000000;\"><span style=\"font-family: Calibri, sans-serif;\"><span style=\"font-size: large;\">Web marketing<\/span><\/span><\/span><\/p>\n<p><span style=\"color: #000000;\"><span style=\"font-family: Calibri, sans-serif;\"><span style=\"font-size: large;\">Marketing direct<\/span><\/span><\/span><\/p>\n<\/div>\n<div class=\"csColumnGap\" style=\"margin: 0px; padding: 0px; float: left; width: 3.96%;\"><img style=\"border: none;\" src=\"http:\/\/socceravenue.fr\/wp-content\/plugins\/advanced-wp-columns\/assets\/js\/plugins\/views\/img\/1x1-pixel.png\" \/><\/div>\n<div class=\"csColumn\" style=\"margin: 0px; padding: 0px; float: left; width: 30.2%;\" data-csstartpoint=\"655\" data-csendpoint=\"945\" data-cswidth=\"30.2%\" data-csid=\"7085853c-fffb-1559-8e67-dc1c92e8bb38\">\n<p><strong><span style=\"color: #000000;\"><span style=\"font-family: Calibri, sans-serif;\"><span style=\"font-size: large;\">Valorisez et mon\u00e9tisez votre image<\/span><\/span><\/span><\/strong><\/p>\n<p><span style=\"color: #000000;\"><span style=\"font-family: Calibri, sans-serif;\"><span style=\"font-size: large;\">Merchandising<\/span><\/span><\/span><\/p>\n<p><span style=\"color: #000000;\"><span style=\"font-family: Calibri, sans-serif;\"><span style=\"font-size: large;\">E-merchandising<\/span><\/span><\/span><\/p>\n<\/div>\n<div class=\"csColumnGap\" style=\"margin: 0px; padding: 0px; float: left; width: 1.56%;\"><img style=\"border: none;\" src=\"http:\/\/socceravenue.fr\/wp-content\/plugins\/advanced-wp-columns\/assets\/js\/plugins\/views\/img\/1x1-pixel.png\" \/><\/div>\n<div style=\"clear: both; float: none; display: block; visibility: hidden; width: 0px; font-size: 0px; line-height: 0;\"><\/div>\n<\/div>\n<p style=\"text-align: center;\" align=\"JUSTIFY\">\n","protected":false},"excerpt":{"rendered":"<p>Un service sur mesure \u00e0 l&rsquo;heure du marketing Conseil et accompagnement Media training Relation presse \u00catre force de propositions Mener \u00e0 bien les projets de nos clients Social Marketing Social management Community management Veille digitale Accroissement de la r\u00e9putation et e-r\u00e9putation La connexion entre le sport, les sportifs, les fans et les marques Musclez votre [&hellip;]<\/p>\n","protected":false},"author":1,"featured_media":0,"parent":0,"menu_order":0,"comment_status":"closed","ping_status":"closed","template":"","meta":[],"_links":{"self":[{"href":"https:\/\/socceravenue.fr\/index.php?rest_route=\/wp\/v2\/pages\/36"}],"collection":[{"href":"https:\/\/socceravenue.fr\/index.php?rest_route=\/wp\/v2\/pages"}],"about":[{"href":"https:\/\/socceravenue.fr\/index.php?rest_route=\/wp\/v2\/types\/page"}],"author":[{"embeddable":true,"href":"https:\/\/socceravenue.fr\/index.php?rest_route=\/wp\/v2\/users\/1"}],"replies":[{"embeddable":true,"href":"https:\/\/socceravenue.fr\/index.php?rest_route=%2Fwp%2Fv2%2Fcomments&post=36"}],"version-history":[{"count":40,"href":"https:\/\/socceravenue.fr\/index.php?rest_route=\/wp\/v2\/pages\/36\/revisions"}],"predecessor-version":[{"id":555,"href":"https:\/\/socceravenue.fr\/index.php?rest_route=\/wp\/v2\/pages\/36\/revisions\/555"}],"wp:attachment":[{"href":"https:\/\/socceravenue.fr\/index.php?rest_route=%2Fwp%2Fv2%2Fmedia&parent=36"}],"curies":[{"name":"wp","href":"https:\/\/api.w.org\/{rel}","templated":true}]}}