{"id":112,"date":"2017-02-12T16:27:35","date_gmt":"2017-02-12T15:27:35","guid":{"rendered":"http:\/\/socceravenue.fr\/?page_id=112"},"modified":"2018-02-06T10:58:15","modified_gmt":"2018-02-06T09:58:15","slug":"presentation-2","status":"publish","type":"page","link":"https:\/\/socceravenue.fr\/?page_id=112","title":{"rendered":"De l&rsquo;art de g\u00e9rer son image et sa communication"},"content":{"rendered":"<div class=\"csRow\">\n<div class=\"csColumnGap\" style=\"margin: 0px; padding: 0px; float: left; width: 1.56%;\"><img style=\"border: none;\" src=\"http:\/\/socceravenue.fr\/wp-content\/plugins\/advanced-wp-columns\/assets\/js\/plugins\/views\/img\/1x1-pixel.png\" \/><\/div>\n<div class=\"csColumn\" style=\"margin: 0px; padding: 0px; float: left; width: 45.8%;\" data-csstartpoint=\"15\" data-csendpoint=\"455\" data-cswidth=\"45.8%\" data-csid=\"fc96610a-b762-d7a4-afa2-0ad1e4e704ab\">\n<p align=\"JUSTIFY\"><strong><span style=\"color: #000000;\"><span style=\"font-family: Calibri, sans-serif;\"><span style=\"font-size: large;\">Gestion de droits marketing, m\u00e9dias et repr\u00e9sentation<\/span><\/span><\/span><\/strong><\/p>\n<p align=\"JUSTIFY\"><span style=\"color: #000000;\"><span style=\"font-family: Calibri, sans-serif;\"><span style=\"font-size: large;\">Face au d\u00e9veloppement sans pr\u00e9c\u00e9dent de la m\u00e9diatisation du sport, l\u2019envol\u00e9e des prix des droits TV, le sport et ses acteurs sont devenus un important moyen de communication.\u00a0La\u00a0patrimonialisation et la mon\u00e9tisation de l\u2019image du sportif deviennent donc une n\u00e9cessit\u00e9.<\/span><\/span><\/span><\/p>\n<p align=\"JUSTIFY\"><span style=\"color: #000000;\"><span style=\"font-family: Calibri, sans-serif;\"><span style=\"font-size: large;\">Soccer Avenue met ses comp\u00e9tences et son savoir faire en la mati\u00e8re au service des sportifs et des annonceurs \u00e0 travers une d\u00e9marche proactive durant et apr\u00e8s la carri\u00e8re du sportif. Fort de son exp\u00e9rience dans le domaine de la cession et de la distribution de droits m\u00e9dias des \u00e9v\u00e9nements sportifs, l\u2019\u00e9quipe Soccer Avenue se met \u00e0 votre disposition pour la valorisation de votre \u00e9v\u00e9nement et la gestion de votre image.<\/span><\/span><\/span><\/p>\n<p align=\"JUSTIFY\"><span style=\"color: #000000;\"><span style=\"font-family: Calibri, sans-serif;\"><span style=\"font-size: large;\">Dipl\u00f4m\u00e9e en droit des affaires et en droit du sport, l\u2019\u00e9quipe vous conseille pour toutes vos questions juridiques relatives \u00e0 l\u2019exercice de votre profession de sportif de haut niveau ainsi qu\u2019\u00e0 celles li\u00e9es \u00e0 l\u2019exploitation de ses droits d\u2019image.<\/span><\/span><\/span><\/p>\n<p align=\"JUSTIFY\"><span style=\"color: #000000;\"><span style=\"font-family: Calibri, sans-serif;\"><span style=\"font-size: large;\">Interm\u00e9diaire enregistr\u00e9 au niveau de la FA sous le num\u00e9ro IMS002536 et disposant d\u2019un vaste r\u00e9seau en Europe, en Asie et en Afrique, Soccer Avenue vous accompagne dans la recherche, la mise en relation, la n\u00e9gociation et la conclusion de contrats avec les clubs de football professionnels.<\/span><\/span><\/span><\/p>\n<\/div>\n<div class=\"csColumnGap\" style=\"margin: 0px; padding: 0px; float: left; width: 5.21%;\"><img style=\"border: none;\" src=\"http:\/\/socceravenue.fr\/wp-content\/plugins\/advanced-wp-columns\/assets\/js\/plugins\/views\/img\/1x1-pixel.png\" \/><\/div>\n<div class=\"csColumn\" style=\"margin: 0px; padding: 0px; float: left; width: 45.8%;\" data-csstartpoint=\"505\" data-csendpoint=\"945\" data-cswidth=\"45.8%\" data-csid=\"e2522a03-d861-deff-b113-f1b09b5c54e6\">\n<p align=\"JUSTIFY\"><strong><span style=\"color: #000000;\"><span style=\"font-family: Calibri, sans-serif;\"><span style=\"font-size: large;\">Gestion relation m\u00e9dias et conseils en communication<\/span><\/span><\/span><\/strong><\/p>\n<p align=\"JUSTIFY\"><span style=\"color: #000000;\"><span style=\"font-family: Calibri, sans-serif;\"><span style=\"font-size: large;\">S&rsquo;exprimer devant les m\u00e9dias ou d\u00e9sormais \u00e0 travers les r\u00e9seaux sociaux peut-\u00eatre une opportunit\u00e9&#8230; ou un risque. Risque de voir des propos d\u00e9form\u00e9s, incompris, votre attitude mal interpr\u00e9t\u00e9e. Il peut \u00eatre extr\u00eamement difficile de se d\u00e9barrasser d&rsquo;une mauvaise impression laiss\u00e9e par une interview mal g\u00e9r\u00e9e ou un statut mal r\u00e9dig\u00e9.<\/span><\/span><\/span><\/p>\n<p align=\"JUSTIFY\"><span style=\"color: #000000;\"><span style=\"font-family: Calibri, sans-serif;\"><span style=\"font-size: large;\">Sportifs, l&rsquo;\u00e9quipe de Soccer Avenue vous propose une solution adapt\u00e9e \u00e0 vos besoin en communication afin d&rsquo;accro\u00eetre votre potentiel m\u00e9diatique. La mise en place d&rsquo;une strat\u00e9gie, sur les r\u00e9seaux sociaux et \u00e0 travers des m\u00e9dias cibl\u00e9s, partant de votre histoire et de vos performances, afin d&rsquo;atteindre vos objectifs en terme de marketing et communication, pour vous permettre de valoriser votre image, votre r\u00e9putation et e-r\u00e9putation.<\/span><\/span><\/span><\/p>\n<p align=\"JUSTIFY\"><span style=\"color: #000000;\"><span style=\"font-family: Calibri, sans-serif;\"><span style=\"font-size: large;\">Conseils en communication digitale, ateliers de m\u00e9dia training, gestion de l&rsquo;image et de la notori\u00e9t\u00e9, veille m\u00e9dia, communication de crise et relation presse sont autant de services propos\u00e9s qui peuvent \u00eatre utiles dans le but d&rsquo;atteindre ses objectifs et toucher les bonnes cibles.<\/span><\/span><\/span><\/p>\n<p align=\"JUSTIFY\"><span style=\"color: #000000;\"><span style=\"font-family: Calibri, sans-serif;\"><span style=\"font-size: large;\">Dans son autre volet, Soccer Avenue conseille \u00e9galement les annonceurs dans leur recherche de collaboration avec des sportifs afin de trouver l&rsquo;athl\u00e8te qui repr\u00e9sentera le mieux leur marque et sera \u00e0 m\u00eame de porter ses valeurs.<\/span><\/span><\/span><\/p>\n<\/div>\n<div class=\"csColumnGap\" style=\"margin: 0px; padding: 0px; float: left; width: 1.56%;\"><img style=\"border: none;\" src=\"http:\/\/socceravenue.fr\/wp-content\/plugins\/advanced-wp-columns\/assets\/js\/plugins\/views\/img\/1x1-pixel.png\" \/><\/div>\n<div style=\"clear: both; float: none; display: block; visibility: hidden; width: 0px; font-size: 0px; line-height: 0;\"><\/div>\n<\/div>\n<p><br class=\"nc\" \/><br class=\"nc\" \/><br class=\"nc\" \/><\/p>\n<p>&nbsp;<\/p>\n","protected":false},"excerpt":{"rendered":"<p>Gestion de droits marketing, m\u00e9dias et repr\u00e9sentation Face au d\u00e9veloppement sans pr\u00e9c\u00e9dent de la m\u00e9diatisation du sport, l\u2019envol\u00e9e des prix des droits TV, le sport et ses acteurs sont devenus un important moyen de communication.\u00a0La\u00a0patrimonialisation et la mon\u00e9tisation de l\u2019image du sportif deviennent donc une n\u00e9cessit\u00e9. Soccer Avenue met ses comp\u00e9tences et son savoir faire [&hellip;]<\/p>\n","protected":false},"author":1,"featured_media":0,"parent":0,"menu_order":0,"comment_status":"closed","ping_status":"closed","template":"","meta":[],"_links":{"self":[{"href":"https:\/\/socceravenue.fr\/index.php?rest_route=\/wp\/v2\/pages\/112"}],"collection":[{"href":"https:\/\/socceravenue.fr\/index.php?rest_route=\/wp\/v2\/pages"}],"about":[{"href":"https:\/\/socceravenue.fr\/index.php?rest_route=\/wp\/v2\/types\/page"}],"author":[{"embeddable":true,"href":"https:\/\/socceravenue.fr\/index.php?rest_route=\/wp\/v2\/users\/1"}],"replies":[{"embeddable":true,"href":"https:\/\/socceravenue.fr\/index.php?rest_route=%2Fwp%2Fv2%2Fcomments&post=112"}],"version-history":[{"count":33,"href":"https:\/\/socceravenue.fr\/index.php?rest_route=\/wp\/v2\/pages\/112\/revisions"}],"predecessor-version":[{"id":656,"href":"https:\/\/socceravenue.fr\/index.php?rest_route=\/wp\/v2\/pages\/112\/revisions\/656"}],"wp:attachment":[{"href":"https:\/\/socceravenue.fr\/index.php?rest_route=%2Fwp%2Fv2%2Fmedia&parent=112"}],"curies":[{"name":"wp","href":"https:\/\/api.w.org\/{rel}","templated":true}]}}